{"id":738,"date":"2023-12-03T21:22:11","date_gmt":"2023-12-03T21:22:11","guid":{"rendered":"https:\/\/dclaconsulting.com\/?page_id=738"},"modified":"2023-12-07T20:04:31","modified_gmt":"2023-12-07T20:04:31","slug":"representation","status":"publish","type":"page","link":"https:\/\/dclaconsulting.com\/es\/representation\/","title":{"rendered":"Representaci\u00f3n"},"content":{"rendered":"<div class=\"wp-block-uagb-container uagb-block-c34c3d8e alignfull uagb-is-root-container\"><div class=\"uagb-container-inner-blocks-wrap\"><\/div><\/div>\n\n\n\n<h1 class=\"wp-block-heading has-text-align-center\">Representaci\u00f3n ante el IRS<\/h1>\n\n\n\n<div class=\"wp-block-columns is-layout-flex wp-container-3 wp-block-columns-is-layout-flex\">\n<div class=\"wp-block-column is-layout-flow wp-block-column-is-layout-flow\" style=\"flex-basis:33.33%\">\n<p>En DC LA Consulting, entendemos que enfrentar los desaf\u00edos del IRS puede ser una experiencia desalentadora. Es por eso que nuestro dedicado equipo de profesionales de impuestos est\u00e1 aqu\u00ed para ayudarlo a enfrentar al Servicio de Impuestos Internos con confianza. Con derechos de representaci\u00f3n ilimitados, manejamos auditor\u00edas, problemas de pago y apelaciones, asegurando que sus intereses est\u00e9n protegidos con experiencia y apoyo inquebrantable durante todo el proceso.<\/p>\n<\/div>\n\n\n\n<div class=\"wp-block-column is-layout-flow wp-block-column-is-layout-flow\" style=\"flex-basis:66.66%\">\n<figure class=\"wp-block-image size-large is-resized\"><img decoding=\"async\" loading=\"lazy\" width=\"1024\" height=\"768\" src=\"https:\/\/dclaconsulting.com\/wp-content\/uploads\/2023\/12\/man-73318-1024x768.jpg\" alt=\"\" class=\"wp-image-740\" style=\"aspect-ratio:2.0060180541624875;width:574px;height:auto\" srcset=\"https:\/\/dclaconsulting.com\/wp-content\/uploads\/2023\/12\/man-73318-1024x768.jpg 1024w, https:\/\/dclaconsulting.com\/wp-content\/uploads\/2023\/12\/man-73318-300x225.jpg 300w, https:\/\/dclaconsulting.com\/wp-content\/uploads\/2023\/12\/man-73318-768x576.jpg 768w, https:\/\/dclaconsulting.com\/wp-content\/uploads\/2023\/12\/man-73318-1536x1152.jpg 1536w, https:\/\/dclaconsulting.com\/wp-content\/uploads\/2023\/12\/man-73318-2048x1536.jpg 2048w\" sizes=\"(max-width: 1024px) 100vw, 1024px\" \/><\/figure>\n<\/div>\n<\/div>\n\n\n\n<div class=\"wp-block-uagb-container uagb-block-d3792ee7 alignfull uagb-is-root-container\"><div class=\"uagb-container-inner-blocks-wrap\">\n<h2 class=\"wp-block-heading\">\u00bfPor qu\u00e9 elegir DC LA Consulting para la representaci\u00f3n del IRS?<\/h2>\n\n\n\n<h3 class=\"wp-block-heading\">Experiencia incomparable<\/h3>\n\n\n\n<div class=\"wp-block-columns is-layout-flex wp-container-6 wp-block-columns-is-layout-flex\">\n<div class=\"wp-block-column is-layout-flow wp-block-column-is-layout-flow\" style=\"flex-basis:66.66%\">\n<p>Nuestros profesionales de impuestos cuentan con una experiencia incomparable en el tratamiento de asuntos del IRS. Desde auditor\u00edas complejas hasta problemas complejos de pagos y cobros, aportamos una gran cantidad de conocimientos y le brindamos la orientaci\u00f3n que necesita para afrontar los desaf\u00edos de manera efectiva.<\/p>\n\n\n\n<h3 class=\"wp-block-heading\">Derechos de representaci\u00f3n ilimitados<\/h3>\n\n\n\n<p>Tenga la seguridad de que cuando elige DC LA Consulting, se beneficia de profesionales de impuestos con derechos de representaci\u00f3n ilimitados ante el IRS. Esto significa que podemos representarlo en cualquier asunto, brind\u00e1ndole apoyo y defensa integrales.<\/p>\n\n\n\n<h3 class=\"wp-block-heading\">Apoyo en cada etapa<\/h3>\n\n\n\n<p>Enfrentarse al IRS implica varias etapas, desde auditor\u00edas hasta apelaciones. DC LA Consulting es su socio en cada paso y ofrece apoyo inquebrantable para garantizar que su caso se maneje con el m\u00e1ximo profesionalismo y atenci\u00f3n al detalle.<\/p>\n<\/div>\n\n\n\n<div class=\"wp-block-column is-layout-flow wp-block-column-is-layout-flow\" style=\"flex-basis:33.33%\">\n<figure class=\"wp-block-image size-large is-resized\"><img decoding=\"async\" loading=\"lazy\" width=\"768\" height=\"1024\" src=\"https:\/\/dclaconsulting.com\/wp-content\/uploads\/2023\/12\/key-to-success-2757471-768x1024.jpg\" alt=\"\" class=\"wp-image-695\" style=\"aspect-ratio:0.75;width:311px;height:auto\" srcset=\"https:\/\/dclaconsulting.com\/wp-content\/uploads\/2023\/12\/key-to-success-2757471-768x1024.jpg 768w, https:\/\/dclaconsulting.com\/wp-content\/uploads\/2023\/12\/key-to-success-2757471-225x300.jpg 225w, https:\/\/dclaconsulting.com\/wp-content\/uploads\/2023\/12\/key-to-success-2757471-1152x1536.jpg 1152w, https:\/\/dclaconsulting.com\/wp-content\/uploads\/2023\/12\/key-to-success-2757471-1536x2048.jpg 1536w, https:\/\/dclaconsulting.com\/wp-content\/uploads\/2023\/12\/key-to-success-2757471-scaled.jpg 1920w\" sizes=\"(max-width: 768px) 100vw, 768px\" \/><\/figure>\n<\/div>\n<\/div>\n<\/div><\/div>\n\n\n\n<div class=\"wp-block-uagb-container uagb-block-5dd90624 alignfull uagb-is-root-container\"><div class=\"uagb-container-inner-blocks-wrap\">\n<h2 class=\"wp-block-heading has-text-align-center\">Nuestro enfoque<\/h2>\n\n\n\n<div class=\"wp-block-columns is-layout-flex wp-container-9 wp-block-columns-is-layout-flex\">\n<div class=\"wp-block-column is-layout-flow wp-block-column-is-layout-flow\" style=\"flex-basis:33.33%\">\n<figure class=\"wp-block-image size-large is-resized\"><img decoding=\"async\" loading=\"lazy\" width=\"1024\" height=\"683\" src=\"https:\/\/dclaconsulting.com\/wp-content\/uploads\/2023\/12\/pexels-pixabay-164527-1024x683.jpg\" alt=\"\" class=\"wp-image-742\" style=\"aspect-ratio:1.501466275659824;width:302px;height:auto\" srcset=\"https:\/\/dclaconsulting.com\/wp-content\/uploads\/2023\/12\/pexels-pixabay-164527-1024x683.jpg 1024w, https:\/\/dclaconsulting.com\/wp-content\/uploads\/2023\/12\/pexels-pixabay-164527-300x200.jpg 300w, https:\/\/dclaconsulting.com\/wp-content\/uploads\/2023\/12\/pexels-pixabay-164527-768x512.jpg 768w, https:\/\/dclaconsulting.com\/wp-content\/uploads\/2023\/12\/pexels-pixabay-164527-1536x1024.jpg 1536w, https:\/\/dclaconsulting.com\/wp-content\/uploads\/2023\/12\/pexels-pixabay-164527-2048x1365.jpg 2048w\" sizes=\"(max-width: 1024px) 100vw, 1024px\" \/><\/figure>\n<\/div>\n\n\n\n<div class=\"wp-block-column is-layout-flow wp-block-column-is-layout-flow\" style=\"flex-basis:66.66%\">\n<h3 class=\"wp-block-heading\">Evaluaci\u00f3n exhaustiva del caso<\/h3>\n\n\n\n<p>Nuestro proceso comienza con una evaluaci\u00f3n exhaustiva de su caso del IRS. Examinamos los detalles, identificamos problemas potenciales y desarrollamos una estrategia que se alinea con su situaci\u00f3n espec\u00edfica.<\/p>\n\n\n\n<h3 class=\"wp-block-heading\">Representaci\u00f3n Estrat\u00e9gica<\/h3>\n\n\n\n<p>Nuestros profesionales de impuestos desarrollan un plan de representaci\u00f3n estrat\u00e9gica adaptado a su caso. Ya sea que se trate de una auditor\u00eda, un problema de pago o una apelaci\u00f3n, abordamos cada situaci\u00f3n con precisi\u00f3n y experiencia para proteger sus intereses.<\/p>\n\n\n\n<h3 class=\"wp-block-heading\">Comunicaci\u00f3n transparente<\/h3>\n\n\n\n<p>Creemos en la comunicaci\u00f3n transparente. Durante todo el proceso de representaci\u00f3n, lo mantenemos informado, le explicamos las complejidades de su caso y nos aseguramos de que comprenda cada paso que damos en su nombre.<\/p>\n<\/div>\n<\/div>\n<\/div><\/div>\n\n\n\n<div class=\"wp-block-uagb-container uagb-block-7b085dbc alignfull uagb-is-root-container\"><div class=\"uagb-container-inner-blocks-wrap\">\n<h2 class=\"wp-block-heading has-text-align-center\">C\u00f3mo trabajamos<\/h2>\n\n\n\n<div class=\"wp-block-columns is-layout-flex wp-container-13 wp-block-columns-is-layout-flex\">\n<div class=\"wp-block-column is-layout-flow wp-block-column-is-layout-flow\" style=\"flex-basis:66.66%\">\n<h4 class=\"wp-block-heading\"><strong>Consulta:<\/strong><\/h4>\n\n\n\n<p>Programe una consulta con nuestros profesionales de impuestos para analizar sus desaf\u00edos del IRS. Evaluaremos su caso y le brindaremos informaci\u00f3n sobre el mejor curso de acci\u00f3n.<\/p>\n\n\n\n<h4 class=\"wp-block-heading\"><strong><strong><strong><strong>Evaluaci\u00f3n de caso:<\/strong><\/strong><\/strong><\/strong><\/h4>\n\n\n\n<p>Nuestro equipo lleva a cabo una evaluaci\u00f3n exhaustiva de su caso del IRS, identificando problemas clave y \u00e1reas potenciales de resoluci\u00f3n.<\/p>\n\n\n\n<h4 class=\"wp-block-heading\"><strong><strong>Plan de Representaci\u00f3n:<\/strong><\/strong><\/h4>\n\n\n\n<p>Con base en nuestra evaluaci\u00f3n, desarrollamos un plan de representaci\u00f3n estrat\u00e9gica adaptado a sus circunstancias espec\u00edficas.<\/p>\n\n\n\n<h4 class=\"wp-block-heading\"><strong>Ejecuci\u00f3n:<\/strong><\/h4>\n\n\n\n<p>Nuestros profesionales de impuestos lo representan ante el IRS, manejando auditor\u00edas, problemas de pagos y apelaciones con precisi\u00f3n y dedicaci\u00f3n.<\/p>\n<\/div>\n\n\n\n<div class=\"wp-block-column is-layout-flow wp-block-column-is-layout-flow\" style=\"flex-basis:33.33%\">\n<div class=\"wp-block-group is-vertical is-layout-flex wp-container-11 wp-block-group-is-layout-flex\">\n<figure class=\"wp-block-image size-large is-resized\"><img decoding=\"async\" loading=\"lazy\" width=\"1024\" height=\"682\" src=\"http:\/\/dclaconsulting.com\/wp-content\/uploads\/2023\/12\/piggybank-2913293-1024x682.jpg\" alt=\"\" class=\"wp-image-741\" style=\"aspect-ratio:1.495049504950495;width:296px;height:auto\" srcset=\"https:\/\/dclaconsulting.com\/wp-content\/uploads\/2023\/12\/piggybank-2913293-1024x682.jpg 1024w, https:\/\/dclaconsulting.com\/wp-content\/uploads\/2023\/12\/piggybank-2913293-300x200.jpg 300w, https:\/\/dclaconsulting.com\/wp-content\/uploads\/2023\/12\/piggybank-2913293-768x512.jpg 768w, https:\/\/dclaconsulting.com\/wp-content\/uploads\/2023\/12\/piggybank-2913293-1536x1024.jpg 1536w, https:\/\/dclaconsulting.com\/wp-content\/uploads\/2023\/12\/piggybank-2913293-2048x1365.jpg 2048w\" sizes=\"(max-width: 1024px) 100vw, 1024px\" \/><\/figure>\n\n\n\n<figure class=\"wp-block-image size-large\"><img decoding=\"async\" loading=\"lazy\" width=\"742\" height=\"1024\" src=\"https:\/\/dclaconsulting.com\/wp-content\/uploads\/2023\/12\/worried-30148_1920-742x1024.png\" alt=\"\" class=\"wp-image-698\" srcset=\"https:\/\/dclaconsulting.com\/wp-content\/uploads\/2023\/12\/worried-30148_1920-742x1024.png 742w, https:\/\/dclaconsulting.com\/wp-content\/uploads\/2023\/12\/worried-30148_1920-217x300.png 217w, https:\/\/dclaconsulting.com\/wp-content\/uploads\/2023\/12\/worried-30148_1920-768x1060.png 768w, https:\/\/dclaconsulting.com\/wp-content\/uploads\/2023\/12\/worried-30148_1920-1113x1536.png 1113w, https:\/\/dclaconsulting.com\/wp-content\/uploads\/2023\/12\/worried-30148_1920.png 1391w\" sizes=\"(max-width: 742px) 100vw, 742px\" \/><\/figure>\n<\/div>\n<\/div>\n<\/div>\n<\/div><\/div>\n\n\n\n<div class=\"wp-block-uagb-container uagb-block-bb9f2774 alignfull uagb-is-root-container\"><div class=\"uagb-container-inner-blocks-wrap\">\n<h2 class=\"wp-block-heading has-text-align-center has-ast-global-color-4-color has-text-color\">\u00bfListo para enfrentar al IRS con confianza?<\/h2>\n\n\n\n<p class=\"has-ast-global-color-4-color has-text-color\">Enfrente los desaf\u00edos del IRS con confianza asoci\u00e1ndose con DC LA Consulting. Programe una consulta hoy y deje que nuestros profesionales de impuestos lo gu\u00eden a trav\u00e9s del proceso, brind\u00e1ndole la experiencia y el apoyo que necesita para una resoluci\u00f3n exitosa.<\/p>\n<\/div><\/div>","protected":false},"excerpt":{"rendered":"<p>Representation Before the IRS At DC LA Consulting, we understand that facing IRS challenges can be a daunting experience. That&#8217;s why our dedicated team of tax professionals is here to help you face the Internal Revenue Service with confidence. With unlimited representation rights, we handle audits, payment issues, and appeals, ensuring that your interests are &hellip;<\/p>\n<p class=\"read-more\"> <a class=\"\" href=\"https:\/\/dclaconsulting.com\/es\/representation\/\"> <span class=\"screen-reader-text\">Representaci\u00f3n<\/span> Leer m\u00e1s &raquo;<\/a><\/p>","protected":false},"author":1,"featured_media":0,"parent":0,"menu_order":0,"comment_status":"closed","ping_status":"closed","template":"","meta":{"_uag_custom_page_level_css":"","site-sidebar-layout":"default","site-content-layout":"","ast-site-content-layout":"default","site-content-style":"default","site-sidebar-style":"default","ast-global-header-display":"","ast-banner-title-visibility":"","ast-main-header-display":"","ast-hfb-above-header-display":"","ast-hfb-below-header-display":"","ast-hfb-mobile-header-display":"","site-post-title":"disabled","ast-breadcrumbs-content":"","ast-featured-img":"","footer-sml-layout":"","theme-transparent-header-meta":"","adv-header-id-meta":"","stick-header-meta":"","header-above-stick-meta":"","header-main-stick-meta":"","header-below-stick-meta":"","astra-migrate-meta-layouts":"set","ast-page-background-enabled":"default","ast-page-background-meta":{"desktop":{"background-color":"var(--ast-global-color-4)","background-image":"","background-repeat":"repeat","background-position":"center center","background-size":"auto","background-attachment":"scroll","background-type":"","background-media":"","overlay-type":"","overlay-color":"","overlay-gradient":""},"tablet":{"background-color":"","background-image":"","background-repeat":"repeat","background-position":"center center","background-size":"auto","background-attachment":"scroll","background-type":"","background-media":"","overlay-type":"","overlay-color":"","overlay-gradient":""},"mobile":{"background-color":"","background-image":"","background-repeat":"repeat","background-position":"center center","background-size":"auto","background-attachment":"scroll","background-type":"","background-media":"","overlay-type":"","overlay-color":"","overlay-gradient":""}},"ast-content-background-meta":{"desktop":{"background-color":"var(--ast-global-color-5)","background-image":"","background-repeat":"repeat","background-position":"center center","background-size":"auto","background-attachment":"scroll","background-type":"","background-media":"","overlay-type":"","overlay-color":"","overlay-gradient":""},"tablet":{"background-color":"var(--ast-global-color-5)","background-image":"","background-repeat":"repeat","background-position":"center center","background-size":"auto","background-attachment":"scroll","background-type":"","background-media":"","overlay-type":"","overlay-color":"","overlay-gradient":""},"mobile":{"background-color":"var(--ast-global-color-5)","background-image":"","background-repeat":"repeat","background-position":"center center","background-size":"auto","background-attachment":"scroll","background-type":"","background-media":"","overlay-type":"","overlay-color":"","overlay-gradient":""}},"footnotes":""},"aioseo_notices":[],"uagb_featured_image_src":{"full":false,"thumbnail":false,"medium":false,"medium_large":false,"large":false,"1536x1536":false,"2048x2048":false,"trp-custom-language-flag":false},"uagb_author_info":{"display_name":"user","author_link":"https:\/\/dclaconsulting.com\/es\/author\/user\/"},"uagb_comment_info":0,"uagb_excerpt":"Representation Before the IRS At DC LA Consulting, we understand that facing IRS challenges can be a daunting experience. That&#8217;s why our dedicated team of tax professionals is here to help you face the Internal Revenue Service with confidence. With unlimited representation rights, we handle audits, payment issues, and appeals, ensuring that your interests are&hellip;","_links":{"self":[{"href":"https:\/\/dclaconsulting.com\/es\/wp-json\/wp\/v2\/pages\/738"}],"collection":[{"href":"https:\/\/dclaconsulting.com\/es\/wp-json\/wp\/v2\/pages"}],"about":[{"href":"https:\/\/dclaconsulting.com\/es\/wp-json\/wp\/v2\/types\/page"}],"author":[{"embeddable":true,"href":"https:\/\/dclaconsulting.com\/es\/wp-json\/wp\/v2\/users\/1"}],"replies":[{"embeddable":true,"href":"https:\/\/dclaconsulting.com\/es\/wp-json\/wp\/v2\/comments?post=738"}],"version-history":[{"count":1,"href":"https:\/\/dclaconsulting.com\/es\/wp-json\/wp\/v2\/pages\/738\/revisions"}],"predecessor-version":[{"id":744,"href":"https:\/\/dclaconsulting.com\/es\/wp-json\/wp\/v2\/pages\/738\/revisions\/744"}],"wp:attachment":[{"href":"https:\/\/dclaconsulting.com\/es\/wp-json\/wp\/v2\/media?parent=738"}],"curies":[{"name":"wp","href":"https:\/\/api.w.org\/{rel}","templated":true}]}}