{"id":726,"date":"2023-12-03T20:48:05","date_gmt":"2023-12-03T20:48:05","guid":{"rendered":"https:\/\/dclaconsulting.com\/?page_id=726"},"modified":"2023-12-03T21:25:51","modified_gmt":"2023-12-03T21:25:51","slug":"accounting","status":"publish","type":"page","link":"https:\/\/dclaconsulting.com\/es\/accounting\/","title":{"rendered":"Contabilidad"},"content":{"rendered":"<div class=\"wp-block-uagb-container uagb-block-c34c3d8e alignfull uagb-is-root-container\"><div class=\"uagb-container-inner-blocks-wrap\"><\/div><\/div>\n\n\n\n<h1 class=\"wp-block-heading has-text-align-center\">Servicios de contabilidad<\/h1>\n\n\n\n<div class=\"wp-block-columns is-layout-flex wp-container-3 wp-block-columns-is-layout-flex\">\n<div class=\"wp-block-column is-layout-flow wp-block-column-is-layout-flow\" style=\"flex-basis:33.33%\">\n<p>Bienvenido a DC LA Consulting, donde redefinimos la forma en que administra sus registros financieros. Nuestros servicios de contabilidad est\u00e1n dise\u00f1ados para agilizar su contabilidad sin esfuerzo, brindando soluciones personalizadas para su tipo de negocio, actividad y preferencias. Con medidas rentables, garantizamos la gesti\u00f3n eficiente de sus registros financieros, simplificando el proceso para usted. No se trata s\u00f3lo de n\u00fameros: se trata de su \u00e9xito.<\/p>\n<\/div>\n\n\n\n<div class=\"wp-block-column is-layout-flow wp-block-column-is-layout-flow\" style=\"flex-basis:66.66%\">\n<figure class=\"wp-block-image size-large is-resized\"><img decoding=\"async\" loading=\"lazy\" width=\"1024\" height=\"768\" src=\"https:\/\/dclaconsulting.com\/wp-content\/uploads\/2023\/12\/dollar-2891817-1-1024x768.jpg\" alt=\"\" class=\"wp-image-729\" style=\"aspect-ratio:2.0060180541624875;width:574px;height:auto\" srcset=\"https:\/\/dclaconsulting.com\/wp-content\/uploads\/2023\/12\/dollar-2891817-1-1024x768.jpg 1024w, https:\/\/dclaconsulting.com\/wp-content\/uploads\/2023\/12\/dollar-2891817-1-300x225.jpg 300w, https:\/\/dclaconsulting.com\/wp-content\/uploads\/2023\/12\/dollar-2891817-1-768x576.jpg 768w, https:\/\/dclaconsulting.com\/wp-content\/uploads\/2023\/12\/dollar-2891817-1-1536x1152.jpg 1536w, https:\/\/dclaconsulting.com\/wp-content\/uploads\/2023\/12\/dollar-2891817-1-2048x1536.jpg 2048w\" sizes=\"(max-width: 1024px) 100vw, 1024px\" \/><\/figure>\n<\/div>\n<\/div>\n\n\n\n<div class=\"wp-block-uagb-container uagb-block-d3792ee7 alignfull uagb-is-root-container\"><div class=\"uagb-container-inner-blocks-wrap\">\n<h2 class=\"wp-block-heading\">\u00bfPor qu\u00e9 elegir DC LA Consulting para contabilidad?<\/h2>\n\n\n\n<h3 class=\"wp-block-heading\">Contabilidad sin esfuerzo<\/h3>\n\n\n\n<div class=\"wp-block-columns is-layout-flex wp-container-6 wp-block-columns-is-layout-flex\">\n<div class=\"wp-block-column is-layout-flow wp-block-column-is-layout-flow\" style=\"flex-basis:66.66%\">\n<p>La gesti\u00f3n de sus registros financieros deber\u00eda ser fluida. En DC LA Consulting, eliminamos las molestias de la contabilidad y le brindamos una soluci\u00f3n que se alinea con su tipo de negocio y sus preferencias.<\/p>\n\n\n\n<h3 class=\"wp-block-heading\">Soluciones a medida<\/h3>\n\n\n\n<p>Entendemos que cada negocio es \u00fanico. Nuestros servicios de contabilidad se adaptan a sus necesidades espec\u00edficas, garantizando que las soluciones que brindamos se ajusten perfectamente a su industria, tama\u00f1o y objetivos a largo plazo.<\/p>\n\n\n\n<h3 class=\"wp-block-heading\">Eficiencia rentable<\/h3>\n\n\n\n<p>La gesti\u00f3n financiera eficiente no deber\u00eda tener un precio elevado. Nuestras soluciones rentables est\u00e1n dise\u00f1adas para ofrecer eficiencia sin gastar mucho dinero, permiti\u00e9ndole asignar recursos donde m\u00e1s importan.<\/p>\n<\/div>\n\n\n\n<div class=\"wp-block-column is-layout-flow wp-block-column-is-layout-flow\" style=\"flex-basis:33.33%\">\n<figure class=\"wp-block-image size-large is-resized\"><img decoding=\"async\" loading=\"lazy\" width=\"1024\" height=\"1024\" src=\"https:\/\/dclaconsulting.com\/wp-content\/uploads\/2023\/12\/money_patch-1-1024x1024.png\" alt=\"\" class=\"wp-image-734\" style=\"aspect-ratio:0.75;width:311px;height:auto\" srcset=\"https:\/\/dclaconsulting.com\/wp-content\/uploads\/2023\/12\/money_patch-1-1024x1024.png 1024w, https:\/\/dclaconsulting.com\/wp-content\/uploads\/2023\/12\/money_patch-1-300x300.png 300w, https:\/\/dclaconsulting.com\/wp-content\/uploads\/2023\/12\/money_patch-1-150x150.png 150w, https:\/\/dclaconsulting.com\/wp-content\/uploads\/2023\/12\/money_patch-1-768x768.png 768w, https:\/\/dclaconsulting.com\/wp-content\/uploads\/2023\/12\/money_patch-1-1536x1536.png 1536w, https:\/\/dclaconsulting.com\/wp-content\/uploads\/2023\/12\/money_patch-1-2048x2048.png 2048w\" sizes=\"(max-width: 1024px) 100vw, 1024px\" \/><\/figure>\n<\/div>\n<\/div>\n<\/div><\/div>\n\n\n\n<div class=\"wp-block-uagb-container uagb-block-5dd90624 alignfull uagb-is-root-container\"><div class=\"uagb-container-inner-blocks-wrap\">\n<h2 class=\"wp-block-heading has-text-align-center\">Nuestro enfoque<\/h2>\n\n\n\n<div class=\"wp-block-columns is-layout-flex wp-container-9 wp-block-columns-is-layout-flex\">\n<div class=\"wp-block-column is-layout-flow wp-block-column-is-layout-flow\" style=\"flex-basis:33.33%\">\n<figure class=\"wp-block-image size-large\"><img decoding=\"async\" loading=\"lazy\" width=\"683\" height=\"1024\" src=\"https:\/\/dclaconsulting.com\/wp-content\/uploads\/2023\/12\/money-1974695-683x1024.jpg\" alt=\"\" class=\"wp-image-735\" srcset=\"https:\/\/dclaconsulting.com\/wp-content\/uploads\/2023\/12\/money-1974695-683x1024.jpg 683w, https:\/\/dclaconsulting.com\/wp-content\/uploads\/2023\/12\/money-1974695-200x300.jpg 200w, https:\/\/dclaconsulting.com\/wp-content\/uploads\/2023\/12\/money-1974695-768x1152.jpg 768w, https:\/\/dclaconsulting.com\/wp-content\/uploads\/2023\/12\/money-1974695-1024x1536.jpg 1024w, https:\/\/dclaconsulting.com\/wp-content\/uploads\/2023\/12\/money-1974695-1365x2048.jpg 1365w, https:\/\/dclaconsulting.com\/wp-content\/uploads\/2023\/12\/money-1974695-scaled.jpg 1707w\" sizes=\"(max-width: 683px) 100vw, 683px\" \/><\/figure>\n<\/div>\n\n\n\n<div class=\"wp-block-column is-layout-flow wp-block-column-is-layout-flow\" style=\"flex-basis:66.66%\">\n<h3 class=\"wp-block-heading\">Consulta personalizada<\/h3>\n\n\n\n<p>Nuestro proceso comienza con una consulta personalizada para comprender las complejidades de su negocio. Nos tomamos el tiempo para conocer sus preferencias, los requisitos de la industria y cualquier desaf\u00edo espec\u00edfico que pueda enfrentar.<\/p>\n\n\n\n<h3 class=\"wp-block-heading\">Soluciones personalizadas<\/h3>\n\n\n\n<p>Bas\u00e1ndonos en nuestra consulta, elaboramos soluciones personalizadas adaptadas a su tipo de negocio y actividad. Ya sea que sea una peque\u00f1a startup o una empresa establecida, nuestro objetivo es brindarle las herramientas que necesita para tener \u00e9xito.<\/p>\n\n\n\n<h3 class=\"wp-block-heading\">Gesti\u00f3n eficiente<\/h3>\n\n\n\n<p>Nuestro equipo est\u00e1 dedicado a garantizar la gesti\u00f3n eficiente de sus registros financieros. Desde organizar transacciones hasta brindar informaci\u00f3n en tiempo real, agilizamos todo el proceso, permiti\u00e9ndole concentrarse en hacer crecer su negocio.<\/p>\n<\/div>\n<\/div>\n<\/div><\/div>\n\n\n\n<div class=\"wp-block-uagb-container uagb-block-7b085dbc alignfull uagb-is-root-container\"><div class=\"uagb-container-inner-blocks-wrap\">\n<h2 class=\"wp-block-heading has-text-align-center\">C\u00f3mo trabajamos<\/h2>\n\n\n\n<div class=\"wp-block-columns is-layout-flex wp-container-13 wp-block-columns-is-layout-flex\">\n<div class=\"wp-block-column is-layout-flow wp-block-column-is-layout-flow\" style=\"flex-basis:66.66%\">\n<h4 class=\"wp-block-heading\"><strong>Consulta:<\/strong><\/h4>\n\n\n\n<p>Programe una consulta con nuestro equipo para analizar su negocio, sus preferencias y cualquier desaf\u00edo que pueda estar experimentando con sus pr\u00e1cticas contables actuales.<\/p>\n\n\n\n<h4 class=\"wp-block-heading\"><strong>An\u00e1lisis:<\/strong><\/h4>\n\n\n\n<p>Realizamos un an\u00e1lisis exhaustivo de sus registros y requisitos financieros, identificando \u00e1reas de mejora y eficiencia.<\/p>\n\n\n\n<h4 class=\"wp-block-heading\"><strong><strong>Soluciones personalizadas:<\/strong><\/strong><\/h4>\n\n\n\n<p>Seg\u00fan nuestro an\u00e1lisis, le brindamos soluciones contables personalizadas que se adaptan a las necesidades de su negocio.<\/p>\n\n\n\n<h4 class=\"wp-block-heading\"><strong>Implementaci\u00f3n:<\/strong><\/h4>\n\n\n\n<p>Nuestro equipo se encarga de la implementaci\u00f3n de soluciones personalizadas, garantizando una transici\u00f3n fluida y una gesti\u00f3n continua eficiente.<\/p>\n<\/div>\n\n\n\n<div class=\"wp-block-column is-layout-flow wp-block-column-is-layout-flow\" style=\"flex-basis:33.33%\">\n<div class=\"wp-block-group is-vertical is-layout-flex wp-container-11 wp-block-group-is-layout-flex\">\n<figure class=\"wp-block-image size-large is-resized\"><img decoding=\"async\" loading=\"lazy\" width=\"1024\" height=\"685\" src=\"https:\/\/dclaconsulting.com\/wp-content\/uploads\/2023\/12\/accountant-3681227-1024x685.jpg\" alt=\"\" class=\"wp-image-697\" style=\"aspect-ratio:1.495049504950495;width:296px;height:auto\" srcset=\"https:\/\/dclaconsulting.com\/wp-content\/uploads\/2023\/12\/accountant-3681227-1024x685.jpg 1024w, https:\/\/dclaconsulting.com\/wp-content\/uploads\/2023\/12\/accountant-3681227-300x201.jpg 300w, https:\/\/dclaconsulting.com\/wp-content\/uploads\/2023\/12\/accountant-3681227-768x514.jpg 768w, https:\/\/dclaconsulting.com\/wp-content\/uploads\/2023\/12\/accountant-3681227-1536x1027.jpg 1536w, https:\/\/dclaconsulting.com\/wp-content\/uploads\/2023\/12\/accountant-3681227-2048x1370.jpg 2048w\" sizes=\"(max-width: 1024px) 100vw, 1024px\" \/><\/figure>\n\n\n\n<figure class=\"wp-block-image size-large\"><img decoding=\"async\" loading=\"lazy\" width=\"742\" height=\"1024\" src=\"https:\/\/dclaconsulting.com\/wp-content\/uploads\/2023\/12\/worried-30148_1920-742x1024.png\" alt=\"\" class=\"wp-image-698\" srcset=\"https:\/\/dclaconsulting.com\/wp-content\/uploads\/2023\/12\/worried-30148_1920-742x1024.png 742w, https:\/\/dclaconsulting.com\/wp-content\/uploads\/2023\/12\/worried-30148_1920-217x300.png 217w, https:\/\/dclaconsulting.com\/wp-content\/uploads\/2023\/12\/worried-30148_1920-768x1060.png 768w, https:\/\/dclaconsulting.com\/wp-content\/uploads\/2023\/12\/worried-30148_1920-1113x1536.png 1113w, https:\/\/dclaconsulting.com\/wp-content\/uploads\/2023\/12\/worried-30148_1920.png 1391w\" sizes=\"(max-width: 742px) 100vw, 742px\" \/><\/figure>\n<\/div>\n<\/div>\n<\/div>\n<\/div><\/div>\n\n\n\n<div class=\"wp-block-uagb-container uagb-block-bb9f2774 alignfull uagb-is-root-container\"><div class=\"uagb-container-inner-blocks-wrap\">\n<h2 class=\"wp-block-heading has-text-align-center has-ast-global-color-4-color has-text-color\">\u00bfListo para simplificar tu gesti\u00f3n financiera?<\/h2>\n\n\n\n<p class=\"has-ast-global-color-4-color has-text-color\">Simplifique el proceso de gesti\u00f3n de sus registros financieros con DC LA Consulting. Cont\u00e1ctenos hoy para programar una consulta y descubrir c\u00f3mo nuestros servicios de contabilidad pueden contribuir al \u00e9xito de su negocio.<\/p>\n<\/div><\/div>","protected":false},"excerpt":{"rendered":"<p>Accounting Services Welcome to DC LA Consulting, where we redefine the way you manage your financial records. Our accounting services are designed to streamline your bookkeeping effortlessly, providing tailored solutions for your business type, activity, and preferences. With cost-effective measures, we ensure the efficient management of your financial records, simplifying the process for you. It&#8217;s &hellip;<\/p>\n<p class=\"read-more\"> <a class=\"\" href=\"https:\/\/dclaconsulting.com\/es\/accounting\/\"> <span class=\"screen-reader-text\">Contabilidad<\/span> Leer m\u00e1s &raquo;<\/a><\/p>","protected":false},"author":1,"featured_media":0,"parent":0,"menu_order":0,"comment_status":"closed","ping_status":"closed","template":"","meta":{"_uag_custom_page_level_css":"","site-sidebar-layout":"default","site-content-layout":"","ast-site-content-layout":"default","site-content-style":"default","site-sidebar-style":"default","ast-global-header-display":"","ast-banner-title-visibility":"","ast-main-header-display":"","ast-hfb-above-header-display":"","ast-hfb-below-header-display":"","ast-hfb-mobile-header-display":"","site-post-title":"disabled","ast-breadcrumbs-content":"","ast-featured-img":"","footer-sml-layout":"","theme-transparent-header-meta":"","adv-header-id-meta":"","stick-header-meta":"","header-above-stick-meta":"","header-main-stick-meta":"","header-below-stick-meta":"","astra-migrate-meta-layouts":"set","ast-page-background-enabled":"default","ast-page-background-meta":{"desktop":{"background-color":"var(--ast-global-color-4)","background-image":"","background-repeat":"repeat","background-position":"center center","background-size":"auto","background-attachment":"scroll","background-type":"","background-media":"","overlay-type":"","overlay-color":"","overlay-gradient":""},"tablet":{"background-color":"","background-image":"","background-repeat":"repeat","background-position":"center center","background-size":"auto","background-attachment":"scroll","background-type":"","background-media":"","overlay-type":"","overlay-color":"","overlay-gradient":""},"mobile":{"background-color":"","background-image":"","background-repeat":"repeat","background-position":"center center","background-size":"auto","background-attachment":"scroll","background-type":"","background-media":"","overlay-type":"","overlay-color":"","overlay-gradient":""}},"ast-content-background-meta":{"desktop":{"background-color":"var(--ast-global-color-5)","background-image":"","background-repeat":"repeat","background-position":"center center","background-size":"auto","background-attachment":"scroll","background-type":"","background-media":"","overlay-type":"","overlay-color":"","overlay-gradient":""},"tablet":{"background-color":"var(--ast-global-color-5)","background-image":"","background-repeat":"repeat","background-position":"center center","background-size":"auto","background-attachment":"scroll","background-type":"","background-media":"","overlay-type":"","overlay-color":"","overlay-gradient":""},"mobile":{"background-color":"var(--ast-global-color-5)","background-image":"","background-repeat":"repeat","background-position":"center center","background-size":"auto","background-attachment":"scroll","background-type":"","background-media":"","overlay-type":"","overlay-color":"","overlay-gradient":""}},"footnotes":""},"aioseo_notices":[],"uagb_featured_image_src":{"full":false,"thumbnail":false,"medium":false,"medium_large":false,"large":false,"1536x1536":false,"2048x2048":false,"trp-custom-language-flag":false},"uagb_author_info":{"display_name":"user","author_link":"https:\/\/dclaconsulting.com\/es\/author\/user\/"},"uagb_comment_info":0,"uagb_excerpt":"Accounting Services Welcome to DC LA Consulting, where we redefine the way you manage your financial records. Our accounting services are designed to streamline your bookkeeping effortlessly, providing tailored solutions for your business type, activity, and preferences. With cost-effective measures, we ensure the efficient management of your financial records, simplifying the process for you. It&#8217;s&hellip;","_links":{"self":[{"href":"https:\/\/dclaconsulting.com\/es\/wp-json\/wp\/v2\/pages\/726"}],"collection":[{"href":"https:\/\/dclaconsulting.com\/es\/wp-json\/wp\/v2\/pages"}],"about":[{"href":"https:\/\/dclaconsulting.com\/es\/wp-json\/wp\/v2\/types\/page"}],"author":[{"embeddable":true,"href":"https:\/\/dclaconsulting.com\/es\/wp-json\/wp\/v2\/users\/1"}],"replies":[{"embeddable":true,"href":"https:\/\/dclaconsulting.com\/es\/wp-json\/wp\/v2\/comments?post=726"}],"version-history":[{"count":4,"href":"https:\/\/dclaconsulting.com\/es\/wp-json\/wp\/v2\/pages\/726\/revisions"}],"predecessor-version":[{"id":746,"href":"https:\/\/dclaconsulting.com\/es\/wp-json\/wp\/v2\/pages\/726\/revisions\/746"}],"wp:attachment":[{"href":"https:\/\/dclaconsulting.com\/es\/wp-json\/wp\/v2\/media?parent=726"}],"curies":[{"name":"wp","href":"https:\/\/api.w.org\/{rel}","templated":true}]}}