{"id":719,"date":"2023-12-03T20:40:37","date_gmt":"2023-12-03T20:40:37","guid":{"rendered":"https:\/\/dclaconsulting.com\/?page_id=719"},"modified":"2023-12-11T16:14:42","modified_gmt":"2023-12-11T16:14:42","slug":"business","status":"publish","type":"page","link":"https:\/\/dclaconsulting.com\/es\/business\/","title":{"rendered":"Negocios"},"content":{"rendered":"<div class=\"wp-block-uagb-container uagb-block-c34c3d8e alignfull uagb-is-root-container\"><div class=\"uagb-container-inner-blocks-wrap\"><\/div><\/div>\n\n\n\n<h1 class=\"wp-block-heading has-text-align-center\">Formaci\u00f3n y registro de empresas<\/h1>\n\n\n\n<div class=\"wp-block-columns is-layout-flex wp-container-3 wp-block-columns-is-layout-flex\">\n<div class=\"wp-block-column is-layout-flow wp-block-column-is-layout-flow\" style=\"flex-basis:33.33%\">\n<p>Bienvenido a DC LA Consulting, donde allanamos el camino para el \u00e9xito de su negocio mediante la selecci\u00f3n de entidades estrat\u00e9gicas y un registro perfecto. Nuestro equipo de profesionales se dedica a guiarlo a trav\u00e9s de decisiones cruciales que influyen en los impuestos, la recaudaci\u00f3n de fondos, el papeleo y la responsabilidad personal. Conf\u00ede en nosotros para ayudarle a sentar una base s\u00f3lida para el \u00e9xito de su negocio con decisiones bien informadas.<\/p>\n<\/div>\n\n\n\n<div class=\"wp-block-column is-layout-flow wp-block-column-is-layout-flow\" style=\"flex-basis:66.66%\">\n<figure class=\"wp-block-image size-large is-resized\"><img decoding=\"async\" loading=\"lazy\" width=\"1024\" height=\"510\" src=\"https:\/\/dclaconsulting.com\/wp-content\/uploads\/2023\/12\/businessman-2798560-1-1024x510.jpg\" alt=\"\" class=\"wp-image-721\" style=\"aspect-ratio:2.0060180541624875;width:574px;height:auto\" srcset=\"https:\/\/dclaconsulting.com\/wp-content\/uploads\/2023\/12\/businessman-2798560-1-1024x510.jpg 1024w, https:\/\/dclaconsulting.com\/wp-content\/uploads\/2023\/12\/businessman-2798560-1-300x150.jpg 300w, https:\/\/dclaconsulting.com\/wp-content\/uploads\/2023\/12\/businessman-2798560-1-768x383.jpg 768w, https:\/\/dclaconsulting.com\/wp-content\/uploads\/2023\/12\/businessman-2798560-1-1536x766.jpg 1536w, https:\/\/dclaconsulting.com\/wp-content\/uploads\/2023\/12\/businessman-2798560-1-2048x1021.jpg 2048w\" sizes=\"(max-width: 1024px) 100vw, 1024px\" \/><\/figure>\n<\/div>\n<\/div>\n\n\n\n<div class=\"wp-block-uagb-container uagb-block-d3792ee7 alignfull uagb-is-root-container\"><div class=\"uagb-container-inner-blocks-wrap\">\n<h2 class=\"wp-block-heading\">\u00bfPor qu\u00e9 elegir DC LA Consulting para la formaci\u00f3n de empresas?<\/h2>\n\n\n\n<h3 class=\"wp-block-heading\">Selecci\u00f3n de entidades estrat\u00e9gicas<\/h3>\n\n\n\n<div class=\"wp-block-columns is-layout-flex wp-container-6 wp-block-columns-is-layout-flex\">\n<div class=\"wp-block-column is-layout-flow wp-block-column-is-layout-flow\" style=\"flex-basis:66.66%\">\n<p>Elegir la entidad comercial adecuada es una decisi\u00f3n cr\u00edtica que puede afectar significativamente la trayectoria de su negocio. En DC LA Consulting, nos especializamos en la selecci\u00f3n de entidades estrat\u00e9gicas adaptadas a sus objetivos espec\u00edficos, asegurando que usted tome la mejor decisi\u00f3n para el \u00e9xito a largo plazo.<\/p>\n\n\n\n<h3 class=\"wp-block-heading\">Proceso de registro fluido<\/h3>\n\n\n\n<p>Navegar por el proceso de registro puede ser complejo, pero con nuestra experiencia, lo hacemos perfecto para usted. Desde el papeleo hasta los requisitos de cumplimiento, nos encargamos de todos los aspectos del proceso de registro, permiti\u00e9ndole concentrarse en desarrollar y hacer crecer su negocio.<\/p>\n\n\n\n<h3 class=\"wp-block-heading\">Toma de decisiones informada<\/h3>\n\n\n\n<p>El \u00e9xito empresarial comienza con decisiones informadas. Nuestros profesionales de DC LA Consulting brindan la orientaci\u00f3n que necesita para tomar decisiones que influyan positivamente en sus impuestos, capacidades de recaudaci\u00f3n de fondos y estructura comercial general.<\/p>\n<\/div>\n\n\n\n<div class=\"wp-block-column is-layout-flow wp-block-column-is-layout-flow\" style=\"flex-basis:33.33%\">\n<figure class=\"wp-block-image size-large is-resized\"><img decoding=\"async\" loading=\"lazy\" width=\"1024\" height=\"768\" src=\"https:\/\/dclaconsulting.com\/wp-content\/uploads\/2023\/12\/dollar-2891817-1024x768.jpg\" alt=\"\" class=\"wp-image-722\" style=\"aspect-ratio:0.75;width:311px;height:auto\" srcset=\"https:\/\/dclaconsulting.com\/wp-content\/uploads\/2023\/12\/dollar-2891817-1024x768.jpg 1024w, https:\/\/dclaconsulting.com\/wp-content\/uploads\/2023\/12\/dollar-2891817-300x225.jpg 300w, https:\/\/dclaconsulting.com\/wp-content\/uploads\/2023\/12\/dollar-2891817-768x576.jpg 768w, https:\/\/dclaconsulting.com\/wp-content\/uploads\/2023\/12\/dollar-2891817-1536x1152.jpg 1536w, https:\/\/dclaconsulting.com\/wp-content\/uploads\/2023\/12\/dollar-2891817-2048x1536.jpg 2048w\" sizes=\"(max-width: 1024px) 100vw, 1024px\" \/><\/figure>\n<\/div>\n<\/div>\n<\/div><\/div>\n\n\n\n<div class=\"wp-block-uagb-container uagb-block-5dd90624 alignfull uagb-is-root-container\"><div class=\"uagb-container-inner-blocks-wrap\">\n<h2 class=\"wp-block-heading has-text-align-center\">Nuestro enfoque<\/h2>\n\n\n\n<div class=\"wp-block-columns is-layout-flex wp-container-9 wp-block-columns-is-layout-flex\">\n<div class=\"wp-block-column is-layout-flow wp-block-column-is-layout-flow\" style=\"flex-basis:33.33%\">\n<figure class=\"wp-block-image size-large\"><img decoding=\"async\" loading=\"lazy\" width=\"768\" height=\"1024\" src=\"https:\/\/dclaconsulting.com\/wp-content\/uploads\/2023\/12\/money-598816_1280-1-768x1024.jpg\" alt=\"\" class=\"wp-image-696\" srcset=\"https:\/\/dclaconsulting.com\/wp-content\/uploads\/2023\/12\/money-598816_1280-1-768x1024.jpg 768w, https:\/\/dclaconsulting.com\/wp-content\/uploads\/2023\/12\/money-598816_1280-1-225x300.jpg 225w, https:\/\/dclaconsulting.com\/wp-content\/uploads\/2023\/12\/money-598816_1280-1.jpg 960w\" sizes=\"(max-width: 768px) 100vw, 768px\" \/><\/figure>\n<\/div>\n\n\n\n<div class=\"wp-block-column is-layout-flow wp-block-column-is-layout-flow\" style=\"flex-basis:66.66%\">\n<h3 class=\"wp-block-heading\">Consulta personalizada<\/h3>\n\n\n\n<p>Comenzamos entendiendo sus objetivos y visi\u00f3n de negocio a trav\u00e9s de una consulta personalizada. Esto nos permite adaptar nuestro enfoque a sus necesidades y aspiraciones \u00fanicas.<\/p>\n\n\n\n<h3 class=\"wp-block-heading\">Orientaci\u00f3n integral<\/h3>\n\n\n\n<p>Nuestro equipo brinda orientaci\u00f3n integral sobre decisiones vitales, como la selecci\u00f3n de entidades, considerando el impacto en los impuestos, las oportunidades de recaudaci\u00f3n de fondos, las obligaciones administrativas y la responsabilidad personal. Le empoderamos para tomar decisiones que se alineen con sus objetivos comerciales.<\/p>\n\n\n\n<h3 class=\"wp-block-heading\">\u00c9xito a largo plazo<\/h3>\n\n\n\n<p>En DC LA Consulting, no solo nos enfocamos en las necesidades inmediatas; Nuestro objetivo es su \u00e9xito a largo plazo. Nuestro enfoque para la formaci\u00f3n de negocios es estrat\u00e9gico, considerando c\u00f3mo cada decisi\u00f3n contribuir\u00e1 a su crecimiento y sostenibilidad.<\/p>\n<\/div>\n<\/div>\n<\/div><\/div>\n\n\n\n<div class=\"wp-block-uagb-container uagb-block-7b085dbc alignfull uagb-is-root-container\"><div class=\"uagb-container-inner-blocks-wrap\">\n<h2 class=\"wp-block-heading has-text-align-center\">C\u00f3mo trabajamos<\/h2>\n\n\n\n<div class=\"wp-block-columns is-layout-flex wp-container-13 wp-block-columns-is-layout-flex\">\n<div class=\"wp-block-column is-layout-flow wp-block-column-is-layout-flow\" style=\"flex-basis:66.66%\">\n<h4 class=\"wp-block-heading\"><strong>Consulta:<\/strong><\/h4>\n\n\n\n<p>Programe una consulta con nuestro equipo para analizar sus objetivos comerciales, su visi\u00f3n y cualquier inquietud que pueda tener con respecto a la formaci\u00f3n y el registro.<\/p>\n\n\n\n<h4 class=\"wp-block-heading\"><strong>An\u00e1lisis:<\/strong><\/h4>\n\n\n\n<p>Realizamos un an\u00e1lisis exhaustivo de los requisitos de la estructura de su negocio, teniendo en cuenta su industria, tama\u00f1o y planes futuros.<\/p>\n\n\n\n<h4 class=\"wp-block-heading\"><strong>Recomendaciones:<\/strong><\/h4>\n\n\n\n<p>Seg\u00fan nuestro an\u00e1lisis, brindamos recomendaciones personalizadas para la selecci\u00f3n de entidades y lo guiamos a trav\u00e9s del proceso de registro.<\/p>\n\n\n\n<h4 class=\"wp-block-heading\"><strong>Ejecuci\u00f3n:<\/strong><\/h4>\n\n\n\n<p>Nos encargamos del papeleo, el cumplimiento y los pasos necesarios para garantizar un proceso de registro fluido y eficiente para su negocio.<\/p>\n<\/div>\n\n\n\n<div class=\"wp-block-column is-layout-flow wp-block-column-is-layout-flow\" style=\"flex-basis:33.33%\">\n<div class=\"wp-block-group is-vertical is-layout-flex wp-container-11 wp-block-group-is-layout-flex\">\n<figure class=\"wp-block-image size-large is-resized\"><img decoding=\"async\" loading=\"lazy\" width=\"1024\" height=\"685\" src=\"https:\/\/dclaconsulting.com\/wp-content\/uploads\/2023\/12\/accountant-3681227-1024x685.jpg\" alt=\"\" class=\"wp-image-697\" style=\"aspect-ratio:1.495049504950495;width:296px;height:auto\" srcset=\"https:\/\/dclaconsulting.com\/wp-content\/uploads\/2023\/12\/accountant-3681227-1024x685.jpg 1024w, https:\/\/dclaconsulting.com\/wp-content\/uploads\/2023\/12\/accountant-3681227-300x201.jpg 300w, https:\/\/dclaconsulting.com\/wp-content\/uploads\/2023\/12\/accountant-3681227-768x514.jpg 768w, https:\/\/dclaconsulting.com\/wp-content\/uploads\/2023\/12\/accountant-3681227-1536x1027.jpg 1536w, https:\/\/dclaconsulting.com\/wp-content\/uploads\/2023\/12\/accountant-3681227-2048x1370.jpg 2048w\" sizes=\"(max-width: 1024px) 100vw, 1024px\" \/><\/figure>\n\n\n\n<figure class=\"wp-block-image size-large\"><img decoding=\"async\" loading=\"lazy\" width=\"742\" height=\"1024\" src=\"https:\/\/dclaconsulting.com\/wp-content\/uploads\/2023\/12\/worried-30148_1920-742x1024.png\" alt=\"\" class=\"wp-image-698\" srcset=\"https:\/\/dclaconsulting.com\/wp-content\/uploads\/2023\/12\/worried-30148_1920-742x1024.png 742w, https:\/\/dclaconsulting.com\/wp-content\/uploads\/2023\/12\/worried-30148_1920-217x300.png 217w, https:\/\/dclaconsulting.com\/wp-content\/uploads\/2023\/12\/worried-30148_1920-768x1060.png 768w, https:\/\/dclaconsulting.com\/wp-content\/uploads\/2023\/12\/worried-30148_1920-1113x1536.png 1113w, https:\/\/dclaconsulting.com\/wp-content\/uploads\/2023\/12\/worried-30148_1920.png 1391w\" sizes=\"(max-width: 742px) 100vw, 742px\" \/><\/figure>\n<\/div>\n<\/div>\n<\/div>\n<\/div><\/div>\n\n\n\n<div class=\"wp-block-uagb-container uagb-block-bb9f2774 alignfull uagb-is-root-container\"><div class=\"uagb-container-inner-blocks-wrap\">\n<h2 class=\"wp-block-heading has-text-align-center has-ast-global-color-4-color has-text-color\">\u00bfListo para elevar tu negocio?<\/h2>\n\n\n\n<p class=\"has-ast-global-color-4-color has-text-color\">Mejore su negocio con la selecci\u00f3n de entidades estrat\u00e9gicas y un registro perfecto. Comun\u00edquese con DC LA Consulting hoy para programar una consulta y sentar las bases para el \u00e9xito de su negocio.<\/p>\n<\/div><\/div>","protected":false},"excerpt":{"rendered":"<p>Business Formation and Registration Welcome to DC LA Consulting, where we pave the way for your business success through strategic entity selection and seamless registration. Our team of professionals is dedicated to guiding you through crucial decisions that influence taxes, fundraising, paperwork, and personal liability. Trust us to help you lay a strong foundation for &hellip;<\/p>\n<p class=\"read-more\"> <a class=\"\" href=\"https:\/\/dclaconsulting.com\/es\/business\/\"> <span class=\"screen-reader-text\">Negocios<\/span> Leer m\u00e1s &raquo;<\/a><\/p>","protected":false},"author":1,"featured_media":0,"parent":0,"menu_order":0,"comment_status":"closed","ping_status":"closed","template":"","meta":{"_uag_custom_page_level_css":"","site-sidebar-layout":"default","site-content-layout":"","ast-site-content-layout":"default","site-content-style":"default","site-sidebar-style":"default","ast-global-header-display":"","ast-banner-title-visibility":"","ast-main-header-display":"","ast-hfb-above-header-display":"","ast-hfb-below-header-display":"","ast-hfb-mobile-header-display":"","site-post-title":"disabled","ast-breadcrumbs-content":"","ast-featured-img":"","footer-sml-layout":"","theme-transparent-header-meta":"","adv-header-id-meta":"","stick-header-meta":"","header-above-stick-meta":"","header-main-stick-meta":"","header-below-stick-meta":"","astra-migrate-meta-layouts":"set","ast-page-background-enabled":"default","ast-page-background-meta":{"desktop":{"background-color":"var(--ast-global-color-4)","background-image":"","background-repeat":"repeat","background-position":"center center","background-size":"auto","background-attachment":"scroll","background-type":"","background-media":"","overlay-type":"","overlay-color":"","overlay-gradient":""},"tablet":{"background-color":"","background-image":"","background-repeat":"repeat","background-position":"center center","background-size":"auto","background-attachment":"scroll","background-type":"","background-media":"","overlay-type":"","overlay-color":"","overlay-gradient":""},"mobile":{"background-color":"","background-image":"","background-repeat":"repeat","background-position":"center center","background-size":"auto","background-attachment":"scroll","background-type":"","background-media":"","overlay-type":"","overlay-color":"","overlay-gradient":""}},"ast-content-background-meta":{"desktop":{"background-color":"var(--ast-global-color-5)","background-image":"","background-repeat":"repeat","background-position":"center center","background-size":"auto","background-attachment":"scroll","background-type":"","background-media":"","overlay-type":"","overlay-color":"","overlay-gradient":""},"tablet":{"background-color":"var(--ast-global-color-5)","background-image":"","background-repeat":"repeat","background-position":"center center","background-size":"auto","background-attachment":"scroll","background-type":"","background-media":"","overlay-type":"","overlay-color":"","overlay-gradient":""},"mobile":{"background-color":"var(--ast-global-color-5)","background-image":"","background-repeat":"repeat","background-position":"center center","background-size":"auto","background-attachment":"scroll","background-type":"","background-media":"","overlay-type":"","overlay-color":"","overlay-gradient":""}},"footnotes":""},"aioseo_notices":[],"uagb_featured_image_src":{"full":false,"thumbnail":false,"medium":false,"medium_large":false,"large":false,"1536x1536":false,"2048x2048":false,"trp-custom-language-flag":false},"uagb_author_info":{"display_name":"user","author_link":"https:\/\/dclaconsulting.com\/es\/author\/user\/"},"uagb_comment_info":0,"uagb_excerpt":"Business Formation and Registration Welcome to DC LA Consulting, where we pave the way for your business success through strategic entity selection and seamless registration. Our team of professionals is dedicated to guiding you through crucial decisions that influence taxes, fundraising, paperwork, and personal liability. Trust us to help you lay a strong foundation for&hellip;","_links":{"self":[{"href":"https:\/\/dclaconsulting.com\/es\/wp-json\/wp\/v2\/pages\/719"}],"collection":[{"href":"https:\/\/dclaconsulting.com\/es\/wp-json\/wp\/v2\/pages"}],"about":[{"href":"https:\/\/dclaconsulting.com\/es\/wp-json\/wp\/v2\/types\/page"}],"author":[{"embeddable":true,"href":"https:\/\/dclaconsulting.com\/es\/wp-json\/wp\/v2\/users\/1"}],"replies":[{"embeddable":true,"href":"https:\/\/dclaconsulting.com\/es\/wp-json\/wp\/v2\/comments?post=719"}],"version-history":[{"count":4,"href":"https:\/\/dclaconsulting.com\/es\/wp-json\/wp\/v2\/pages\/719\/revisions"}],"predecessor-version":[{"id":824,"href":"https:\/\/dclaconsulting.com\/es\/wp-json\/wp\/v2\/pages\/719\/revisions\/824"}],"wp:attachment":[{"href":"https:\/\/dclaconsulting.com\/es\/wp-json\/wp\/v2\/media?parent=719"}],"curies":[{"name":"wp","href":"https:\/\/api.w.org\/{rel}","templated":true}]}}