{"id":690,"date":"2023-12-03T19:47:59","date_gmt":"2023-12-03T19:47:59","guid":{"rendered":"https:\/\/dclaconsulting.com\/?page_id=690"},"modified":"2023-12-07T20:04:40","modified_gmt":"2023-12-07T20:04:40","slug":"individual","status":"publish","type":"page","link":"https:\/\/dclaconsulting.com\/es\/individual\/","title":{"rendered":"IndividualBusiness"},"content":{"rendered":"<div class=\"wp-block-uagb-container uagb-block-c34c3d8e alignfull uagb-is-root-container\"><div class=\"uagb-container-inner-blocks-wrap\"><\/div><\/div>\n\n\n\n<h1 class=\"wp-block-heading has-text-align-center\">Declaraciones de impuestos sobre la renta de personas f\u00edsicas\/empresariales<\/h1>\n\n\n\n<div class=\"wp-block-columns is-layout-flex wp-container-3 wp-block-columns-is-layout-flex\">\n<div class=\"wp-block-column is-layout-flow wp-block-column-is-layout-flow\" style=\"flex-basis:33.33%\">\n<p>Bienvenido a DC LA Consulting, donde redefinimos su experiencia financiera a trav\u00e9s de orientaci\u00f3n experta en declaraciones de impuestos sobre la renta individuales y comerciales. Nuestro dedicado equipo de profesionales, equipado con una s\u00f3lida experiencia en contabilidad e impuestos, se compromete a garantizar claridad en su panorama financiero cada a\u00f1o.<\/p>\n<\/div>\n\n\n\n<div class=\"wp-block-column is-layout-flow wp-block-column-is-layout-flow\" style=\"flex-basis:66.66%\">\n<figure class=\"wp-block-image size-large is-resized\"><img decoding=\"async\" loading=\"lazy\" width=\"1024\" height=\"782\" src=\"https:\/\/dclaconsulting.com\/wp-content\/uploads\/2023\/12\/credit-squeeze-522549_1280-1024x782.jpg\" alt=\"\" class=\"wp-image-694\" style=\"aspect-ratio:2.0060180541624875;width:574px;height:auto\" srcset=\"https:\/\/dclaconsulting.com\/wp-content\/uploads\/2023\/12\/credit-squeeze-522549_1280-1024x782.jpg 1024w, https:\/\/dclaconsulting.com\/wp-content\/uploads\/2023\/12\/credit-squeeze-522549_1280-300x229.jpg 300w, https:\/\/dclaconsulting.com\/wp-content\/uploads\/2023\/12\/credit-squeeze-522549_1280-768x586.jpg 768w, https:\/\/dclaconsulting.com\/wp-content\/uploads\/2023\/12\/credit-squeeze-522549_1280.jpg 1280w\" sizes=\"(max-width: 1024px) 100vw, 1024px\" \/><\/figure>\n<\/div>\n<\/div>\n\n\n\n<div class=\"wp-block-uagb-container uagb-block-d3792ee7 alignfull uagb-is-root-container\"><div class=\"uagb-container-inner-blocks-wrap\">\n<h2 class=\"wp-block-heading\">\u00bfPor qu\u00e9 elegir DC LA Consulting para las declaraciones de impuestos?<\/h2>\n\n\n\n<h3 class=\"wp-block-heading\">Maximizar el ahorro fiscal<\/h3>\n\n\n\n<div class=\"wp-block-columns is-layout-flex wp-container-6 wp-block-columns-is-layout-flex\">\n<div class=\"wp-block-column is-layout-flow wp-block-column-is-layout-flow\" style=\"flex-basis:66.66%\">\n<p>Navegar por las complejidades de las leyes tributarias puede ser abrumador, pero con DC LA Consulting, puede confiar en nosotros para maximizar sus ahorros tributarios. Nuestro equipo de expertos est\u00e1 bien versado en identificar oportunidades de deducciones y cr\u00e9ditos, lo que garantiza que usted conserve una mayor parte del dinero que tanto le cost\u00f3 ganar.<\/p>\n\n\n\n<h3 class=\"wp-block-heading\">Garantizar el cumplimiento<\/h3>\n\n\n\n<p>El cumplimiento es el n\u00facleo de nuestro enfoque. Entendemos la importancia de cumplir con las leyes fiscales y al mismo tiempo optimizar sus resultados financieros. Tenga la seguridad de que con DC LA Consulting, sus declaraciones de impuestos cumplir\u00e1n con todos los requisitos reglamentarios.<\/p>\n\n\n\n<h3 class=\"wp-block-heading\">Expectativas claras<\/h3>\n\n\n\n<p>Haga que cada a\u00f1o comience con una expectativa clara de sus compromisos financieros. Nuestro equipo lo guiar\u00e1 para comprender los pagos estimados, la obligaci\u00f3n tributaria y el potencial de reembolsos o montos adeudados. La transparencia es clave para una planificaci\u00f3n financiera eficaz.<\/p>\n<\/div>\n\n\n\n<div class=\"wp-block-column is-layout-flow wp-block-column-is-layout-flow\" style=\"flex-basis:33.33%\">\n<figure class=\"wp-block-image size-large is-resized\"><img decoding=\"async\" loading=\"lazy\" width=\"768\" height=\"1024\" src=\"https:\/\/dclaconsulting.com\/wp-content\/uploads\/2023\/12\/key-to-success-2757471-768x1024.jpg\" alt=\"\" class=\"wp-image-695\" style=\"aspect-ratio:0.75;width:311px;height:auto\" srcset=\"https:\/\/dclaconsulting.com\/wp-content\/uploads\/2023\/12\/key-to-success-2757471-768x1024.jpg 768w, https:\/\/dclaconsulting.com\/wp-content\/uploads\/2023\/12\/key-to-success-2757471-225x300.jpg 225w, https:\/\/dclaconsulting.com\/wp-content\/uploads\/2023\/12\/key-to-success-2757471-1152x1536.jpg 1152w, https:\/\/dclaconsulting.com\/wp-content\/uploads\/2023\/12\/key-to-success-2757471-1536x2048.jpg 1536w, https:\/\/dclaconsulting.com\/wp-content\/uploads\/2023\/12\/key-to-success-2757471-scaled.jpg 1920w\" sizes=\"(max-width: 768px) 100vw, 768px\" \/><\/figure>\n<\/div>\n<\/div>\n<\/div><\/div>\n\n\n\n<div class=\"wp-block-uagb-container uagb-block-5dd90624 alignfull uagb-is-root-container\"><div class=\"uagb-container-inner-blocks-wrap\">\n<h2 class=\"wp-block-heading has-text-align-center\">Nuestro enfoque<\/h2>\n\n\n\n<div class=\"wp-block-columns is-layout-flex wp-container-9 wp-block-columns-is-layout-flex\">\n<div class=\"wp-block-column is-layout-flow wp-block-column-is-layout-flow\" style=\"flex-basis:33.33%\">\n<figure class=\"wp-block-image size-large\"><img decoding=\"async\" loading=\"lazy\" width=\"768\" height=\"1024\" src=\"https:\/\/dclaconsulting.com\/wp-content\/uploads\/2023\/12\/money-598816_1280-1-768x1024.jpg\" alt=\"\" class=\"wp-image-696\" srcset=\"https:\/\/dclaconsulting.com\/wp-content\/uploads\/2023\/12\/money-598816_1280-1-768x1024.jpg 768w, https:\/\/dclaconsulting.com\/wp-content\/uploads\/2023\/12\/money-598816_1280-1-225x300.jpg 225w, https:\/\/dclaconsulting.com\/wp-content\/uploads\/2023\/12\/money-598816_1280-1.jpg 960w\" sizes=\"(max-width: 768px) 100vw, 768px\" \/><\/figure>\n<\/div>\n\n\n\n<div class=\"wp-block-column is-layout-flow wp-block-column-is-layout-flow\" style=\"flex-basis:66.66%\">\n<h3 class=\"wp-block-heading\">An\u00e1lisis comprensivo<\/h3>\n\n\n\n<p>Nuestro proceso comienza con un an\u00e1lisis integral de su situaci\u00f3n financiera. Ya sea usted un individuo o una empresa, adaptamos nuestro enfoque a sus necesidades espec\u00edficas, garantizando una estrategia personalizada para obtener el m\u00e1ximo beneficio financiero.<\/p>\n\n\n\n<h3 class=\"wp-block-heading\">Dedicaci\u00f3n a sus derechos<\/h3>\n\n\n\n<p>En DC LA Consulting, no escatimamos esfuerzos cuando se trata de reclamar las deducciones y cr\u00e9ditos a los que tiene derecho seg\u00fan el c\u00f3digo tributario. Nuestro enfoque meticuloso garantiza que usted reciba todos los beneficios que se merece.<\/p>\n\n\n\n<h3 class=\"wp-block-heading\">Orientaci\u00f3n proactiva<\/h3>\n\n\n\n<p>M\u00e1s all\u00e1 de los n\u00fameros, brindamos orientaci\u00f3n proactiva para brindarle el conocimiento necesario para tomar decisiones financieras informadas. Creemos en fomentar una relaci\u00f3n de colaboraci\u00f3n en la que usted no sea solo un cliente sino un socio de su \u00e9xito financiero.<\/p>\n<\/div>\n<\/div>\n<\/div><\/div>\n\n\n\n<div class=\"wp-block-uagb-container uagb-block-7b085dbc alignfull uagb-is-root-container\"><div class=\"uagb-container-inner-blocks-wrap\">\n<h2 class=\"wp-block-heading has-text-align-center\">C\u00f3mo trabajamos<\/h2>\n\n\n\n<div class=\"wp-block-columns is-layout-flex wp-container-13 wp-block-columns-is-layout-flex\">\n<div class=\"wp-block-column is-layout-flow wp-block-column-is-layout-flow\" style=\"flex-basis:66.66%\">\n<h4 class=\"wp-block-heading\"><strong>Consulta:<\/strong><\/h4>\n\n\n\n<p>Programe una consulta con nuestro equipo para analizar su situaci\u00f3n financiera \u00fanica, sus objetivos y cualquier desaf\u00edo espec\u00edfico que pueda enfrentar.<\/p>\n\n\n\n<h4 class=\"wp-block-heading\"><strong>An\u00e1lisis:<\/strong><\/h4>\n\n\n\n<p>Nuestros expertos realizan un an\u00e1lisis exhaustivo de sus registros financieros para identificar oportunidades de ahorro y cumplimiento tributario.<\/p>\n\n\n\n<h4 class=\"wp-block-heading\"><strong>Desarrollo de estrategias:<\/strong><\/h4>\n\n\n\n<p>Con base en el an\u00e1lisis, desarrollamos una estrategia personalizada para optimizar sus declaraciones de impuestos, asegur\u00e1ndole que tome decisiones informadas.<\/p>\n\n\n\n<h4 class=\"wp-block-heading\"><strong>Ejecuci\u00f3n:<\/strong><\/h4>\n\n\n\n<p>Nos encargamos de todo el proceso de presentaci\u00f3n de sus declaraciones de impuestos sobre la renta individuales o comerciales, quit\u00e1ndole el estr\u00e9s de la temporada de impuestos.<\/p>\n<\/div>\n\n\n\n<div class=\"wp-block-column is-layout-flow wp-block-column-is-layout-flow\" style=\"flex-basis:33.33%\">\n<div class=\"wp-block-group is-vertical is-layout-flex wp-container-11 wp-block-group-is-layout-flex\">\n<figure class=\"wp-block-image size-large is-resized\"><img decoding=\"async\" loading=\"lazy\" width=\"1024\" height=\"685\" src=\"https:\/\/dclaconsulting.com\/wp-content\/uploads\/2023\/12\/accountant-3681227-1024x685.jpg\" alt=\"\" class=\"wp-image-697\" style=\"aspect-ratio:1.495049504950495;width:296px;height:auto\" srcset=\"https:\/\/dclaconsulting.com\/wp-content\/uploads\/2023\/12\/accountant-3681227-1024x685.jpg 1024w, https:\/\/dclaconsulting.com\/wp-content\/uploads\/2023\/12\/accountant-3681227-300x201.jpg 300w, https:\/\/dclaconsulting.com\/wp-content\/uploads\/2023\/12\/accountant-3681227-768x514.jpg 768w, https:\/\/dclaconsulting.com\/wp-content\/uploads\/2023\/12\/accountant-3681227-1536x1027.jpg 1536w, https:\/\/dclaconsulting.com\/wp-content\/uploads\/2023\/12\/accountant-3681227-2048x1370.jpg 2048w\" sizes=\"(max-width: 1024px) 100vw, 1024px\" \/><\/figure>\n\n\n\n<figure class=\"wp-block-image size-large\"><img decoding=\"async\" loading=\"lazy\" width=\"742\" height=\"1024\" src=\"https:\/\/dclaconsulting.com\/wp-content\/uploads\/2023\/12\/worried-30148_1920-742x1024.png\" alt=\"\" class=\"wp-image-698\" srcset=\"https:\/\/dclaconsulting.com\/wp-content\/uploads\/2023\/12\/worried-30148_1920-742x1024.png 742w, https:\/\/dclaconsulting.com\/wp-content\/uploads\/2023\/12\/worried-30148_1920-217x300.png 217w, https:\/\/dclaconsulting.com\/wp-content\/uploads\/2023\/12\/worried-30148_1920-768x1060.png 768w, https:\/\/dclaconsulting.com\/wp-content\/uploads\/2023\/12\/worried-30148_1920-1113x1536.png 1113w, https:\/\/dclaconsulting.com\/wp-content\/uploads\/2023\/12\/worried-30148_1920.png 1391w\" sizes=\"(max-width: 742px) 100vw, 742px\" \/><\/figure>\n<\/div>\n<\/div>\n<\/div>\n<\/div><\/div>\n\n\n\n<div class=\"wp-block-uagb-container uagb-block-bb9f2774 alignfull uagb-is-root-container\"><div class=\"uagb-container-inner-blocks-wrap\">\n<h2 class=\"wp-block-heading has-text-align-center has-ast-global-color-4-color has-text-color\">\u00bfListo para optimizar tus declaraciones de impuestos?<\/h2>\n\n\n\n<p class=\"has-ast-global-color-4-color has-text-color\">Asegure claridad financiera y maximice sus ahorros fiscales con DC LA Consulting. Programe una consulta hoy y deje que nuestro equipo de expertos lo gu\u00ede a trav\u00e9s de una experiencia de declaraci\u00f3n de impuestos fluida y gratificante.<\/p>\n<\/div><\/div>","protected":false},"excerpt":{"rendered":"<p>Individual\/Business Income Tax Returns Welcome to DC LA Consulting, where we redefine your financial experience through expert guidance on individual and business income tax returns. Our dedicated team of professionals, equipped with a strong background in accounting and taxation, is committed to ensuring clarity in your financial landscape each year. Why Choose DC LA Consulting &hellip;<\/p>\n<p class=\"read-more\"> <a class=\"\" href=\"https:\/\/dclaconsulting.com\/es\/individual\/\"> <span class=\"screen-reader-text\">IndividualBusiness<\/span> Leer m\u00e1s &raquo;<\/a><\/p>","protected":false},"author":1,"featured_media":0,"parent":0,"menu_order":0,"comment_status":"closed","ping_status":"closed","template":"","meta":{"_uag_custom_page_level_css":"","site-sidebar-layout":"default","site-content-layout":"","ast-site-content-layout":"default","site-content-style":"default","site-sidebar-style":"default","ast-global-header-display":"","ast-banner-title-visibility":"","ast-main-header-display":"","ast-hfb-above-header-display":"","ast-hfb-below-header-display":"","ast-hfb-mobile-header-display":"","site-post-title":"disabled","ast-breadcrumbs-content":"","ast-featured-img":"","footer-sml-layout":"","theme-transparent-header-meta":"","adv-header-id-meta":"","stick-header-meta":"","header-above-stick-meta":"","header-main-stick-meta":"","header-below-stick-meta":"","astra-migrate-meta-layouts":"set","ast-page-background-enabled":"default","ast-page-background-meta":{"desktop":{"background-color":"var(--ast-global-color-4)","background-image":"","background-repeat":"repeat","background-position":"center center","background-size":"auto","background-attachment":"scroll","background-type":"","background-media":"","overlay-type":"","overlay-color":"","overlay-gradient":""},"tablet":{"background-color":"","background-image":"","background-repeat":"repeat","background-position":"center center","background-size":"auto","background-attachment":"scroll","background-type":"","background-media":"","overlay-type":"","overlay-color":"","overlay-gradient":""},"mobile":{"background-color":"","background-image":"","background-repeat":"repeat","background-position":"center center","background-size":"auto","background-attachment":"scroll","background-type":"","background-media":"","overlay-type":"","overlay-color":"","overlay-gradient":""}},"ast-content-background-meta":{"desktop":{"background-color":"var(--ast-global-color-5)","background-image":"","background-repeat":"repeat","background-position":"center center","background-size":"auto","background-attachment":"scroll","background-type":"","background-media":"","overlay-type":"","overlay-color":"","overlay-gradient":""},"tablet":{"background-color":"var(--ast-global-color-5)","background-image":"","background-repeat":"repeat","background-position":"center center","background-size":"auto","background-attachment":"scroll","background-type":"","background-media":"","overlay-type":"","overlay-color":"","overlay-gradient":""},"mobile":{"background-color":"var(--ast-global-color-5)","background-image":"","background-repeat":"repeat","background-position":"center center","background-size":"auto","background-attachment":"scroll","background-type":"","background-media":"","overlay-type":"","overlay-color":"","overlay-gradient":""}},"footnotes":""},"aioseo_notices":[],"uagb_featured_image_src":{"full":false,"thumbnail":false,"medium":false,"medium_large":false,"large":false,"1536x1536":false,"2048x2048":false,"trp-custom-language-flag":false},"uagb_author_info":{"display_name":"user","author_link":"https:\/\/dclaconsulting.com\/es\/author\/user\/"},"uagb_comment_info":0,"uagb_excerpt":"Individual\/Business Income Tax Returns Welcome to DC LA Consulting, where we redefine your financial experience through expert guidance on individual and business income tax returns. Our dedicated team of professionals, equipped with a strong background in accounting and taxation, is committed to ensuring clarity in your financial landscape each year. Why Choose DC LA Consulting&hellip;","_links":{"self":[{"href":"https:\/\/dclaconsulting.com\/es\/wp-json\/wp\/v2\/pages\/690"}],"collection":[{"href":"https:\/\/dclaconsulting.com\/es\/wp-json\/wp\/v2\/pages"}],"about":[{"href":"https:\/\/dclaconsulting.com\/es\/wp-json\/wp\/v2\/types\/page"}],"author":[{"embeddable":true,"href":"https:\/\/dclaconsulting.com\/es\/wp-json\/wp\/v2\/users\/1"}],"replies":[{"embeddable":true,"href":"https:\/\/dclaconsulting.com\/es\/wp-json\/wp\/v2\/comments?post=690"}],"version-history":[{"count":4,"href":"https:\/\/dclaconsulting.com\/es\/wp-json\/wp\/v2\/pages\/690\/revisions"}],"predecessor-version":[{"id":713,"href":"https:\/\/dclaconsulting.com\/es\/wp-json\/wp\/v2\/pages\/690\/revisions\/713"}],"wp:attachment":[{"href":"https:\/\/dclaconsulting.com\/es\/wp-json\/wp\/v2\/media?parent=690"}],"curies":[{"name":"wp","href":"https:\/\/api.w.org\/{rel}","templated":true}]}}