{"id":546,"date":"2021-11-01T11:46:08","date_gmt":"2021-11-01T11:46:08","guid":{"rendered":"https:\/\/dclaconsulting.com\/home\/"},"modified":"2024-10-23T20:25:40","modified_gmt":"2024-10-23T20:25:40","slug":"home","status":"publish","type":"page","link":"https:\/\/dclaconsulting.com\/es\/","title":{"rendered":"Inicio"},"content":{"rendered":"<div class=\"wp-block-uagb-container uagb-block-d35c1c81 alignfull uagb-is-root-container\"><div class=\"uagb-container-inner-blocks-wrap\">\n<div class=\"wp-block-columns alignwide is-layout-flex wp-container-6 wp-block-columns-is-layout-flex\">\n<div class=\"wp-block-column is-layout-flow wp-block-column-is-layout-flow\" style=\"flex-basis:33.33%\">\n<figure class=\"wp-block-image size-large is-resized\"><img decoding=\"async\" loading=\"lazy\" width=\"1024\" height=\"1024\" src=\"https:\/\/dclaconsulting.com\/wp-content\/uploads\/2023\/12\/Logo-1500X1500_png-1024x1024.png\" alt=\"\" class=\"wp-image-763\" style=\"aspect-ratio:1;width:193px;height:auto\" srcset=\"https:\/\/dclaconsulting.com\/wp-content\/uploads\/2023\/12\/Logo-1500X1500_png-1024x1024.png 1024w, https:\/\/dclaconsulting.com\/wp-content\/uploads\/2023\/12\/Logo-1500X1500_png-300x300.png 300w, https:\/\/dclaconsulting.com\/wp-content\/uploads\/2023\/12\/Logo-1500X1500_png-150x150.png 150w, https:\/\/dclaconsulting.com\/wp-content\/uploads\/2023\/12\/Logo-1500X1500_png-768x768.png 768w, https:\/\/dclaconsulting.com\/wp-content\/uploads\/2023\/12\/Logo-1500X1500_png.png 1500w\" sizes=\"(max-width: 1024px) 100vw, 1024px\" \/><\/figure>\n<\/div>\n\n\n\n<div class=\"wp-block-column is-layout-flow wp-block-column-is-layout-flow\" style=\"flex-basis:66.66%\">\n<div class=\"wp-block-columns is-layout-flex wp-container-4 wp-block-columns-is-layout-flex\">\n<div class=\"wp-block-column is-layout-flow wp-block-column-is-layout-flow\" style=\"flex-basis:33.33%\"><\/div>\n\n\n\n<div class=\"wp-block-column is-layout-flow wp-block-column-is-layout-flow\" style=\"flex-basis:66.66%\"><\/div>\n<\/div>\n<\/div>\n<\/div>\n<\/div><\/div>\n\n\n\n<div id=\"About\" class=\"wp-block-uagb-container uagb-block-b33ae700 alignfull uagb-is-root-container\">\n<div class=\"wp-block-columns is-layout-flex wp-container-17 wp-block-columns-is-layout-flex\">\n<div class=\"wp-block-column is-layout-flow wp-block-column-is-layout-flow\" style=\"padding-right:var(--wp--preset--spacing--30);padding-left:var(--wp--preset--spacing--30)\">\n<h2 class=\"wp-block-heading has-text-align-center has-ast-global-color-3-color has-text-color\">Sobre Nosotros<\/h2>\n\n\n\n<p class=\"has-ast-global-color-6-color has-text-color\">Nuestra pasi\u00f3n es servir a los dem\u00e1s. Hace unos 10 a\u00f1os comenzamos a ayudar a algunos familiares y amigos con sus declaraciones de impuestos. A medida que fuimos creciendo, nos dimos cuenta de lo dif\u00edcil que a veces es obtener respuestas a preguntas espec\u00edficas, a veces no sabes a qui\u00e9n preguntar o quiz\u00e1s a qui\u00e9nes tienen la respuesta correcta; tener poco o ning\u00fan tiempo para ti. \u00a1Por eso estamos aqu\u00ed!<\/p>\n\n\n\n<p class=\"has-ast-global-color-6-color has-text-color\">Nuestra misi\u00f3n es ayudar a los emprendedores a alcanzar sus objetivos financieros con un enfoque \u00fanico en organizar y priorizar sus proyectos; brindando asesoramiento, planificaci\u00f3n y soluciones personalizadas. DC LA CONSULTING presta servicios a individuos y peque\u00f1as empresas con servicios de formaci\u00f3n de empresas, contabilidad y preparaci\u00f3n de impuestos. Tambi\u00e9n podemos ayudarle si necesita representaci\u00f3n ante el IRS.<\/p>\n<\/div>\n\n\n\n<div class=\"wp-block-column is-layout-flow wp-block-column-is-layout-flow\">\n<h2 class=\"wp-block-heading has-text-align-center has-ast-global-color-3-color has-text-color\">Servicios<\/h2>\n\n\n\n<div id=\"Services\" class=\"wp-block-uagb-container uagb-block-9416e16d\">\n<div class=\"wp-block-columns is-layout-flex wp-container-9 wp-block-columns-is-layout-flex\">\n<div class=\"wp-block-column has-ast-global-color-0-background-color has-background is-layout-flow wp-block-column-is-layout-flow\">\n<h3 class=\"wp-block-heading has-text-align-left\"><a href=\"https:\/\/dclaconsulting.com\/es\/individual\/\" title=\"IndividualBusiness\"><img decoding=\"async\" loading=\"lazy\" width=\"500\" height=\"500\" class=\"wp-image-776\" style=\"width: 50px;\" src=\"http:\/\/dclaconsulting.com\/wp-content\/uploads\/2023\/12\/iconos-500X500px_declaracion-deimpu.png\" alt=\"\" srcset=\"https:\/\/dclaconsulting.com\/wp-content\/uploads\/2023\/12\/iconos-500X500px_declaracion-deimpu.png 500w, https:\/\/dclaconsulting.com\/wp-content\/uploads\/2023\/12\/iconos-500X500px_declaracion-deimpu-300x300.png 300w, https:\/\/dclaconsulting.com\/wp-content\/uploads\/2023\/12\/iconos-500X500px_declaracion-deimpu-150x150.png 150w\" sizes=\"(max-width: 500px) 100vw, 500px\" \/>  Impuestos sobre ingresos personales y corporativos.<\/a><\/h3>\n<\/div>\n<\/div>\n<\/div>\n\n\n\n<div class=\"wp-block-columns is-layout-flex wp-container-11 wp-block-columns-is-layout-flex\">\n<div class=\"wp-block-column has-ast-global-color-1-background-color has-background is-layout-flow wp-block-column-is-layout-flow\">\n<h3 class=\"wp-block-heading has-ast-global-color-5-color has-text-color\"><a href=\"https:\/\/dclaconsulting.com\/es\/business\/\" title=\"Negocios\"><img decoding=\"async\" loading=\"lazy\" width=\"500\" height=\"500\" class=\"wp-image-782\" style=\"width: 50px;\" src=\"http:\/\/dclaconsulting.com\/wp-content\/uploads\/2023\/12\/iconos-500X500px_creacion-de-company.png\" alt=\"\" srcset=\"https:\/\/dclaconsulting.com\/wp-content\/uploads\/2023\/12\/iconos-500X500px_creacion-de-company.png 500w, https:\/\/dclaconsulting.com\/wp-content\/uploads\/2023\/12\/iconos-500X500px_creacion-de-company-300x300.png 300w, https:\/\/dclaconsulting.com\/wp-content\/uploads\/2023\/12\/iconos-500X500px_creacion-de-company-150x150.png 150w\" sizes=\"(max-width: 500px) 100vw, 500px\" \/>  Formaci\u00f3n y registro de empresas<\/a><\/h3>\n<\/div>\n<\/div>\n\n\n\n<div class=\"wp-block-columns is-layout-flex wp-container-13 wp-block-columns-is-layout-flex\">\n<div class=\"wp-block-column has-ast-global-color-3-background-color has-background is-layout-flow wp-block-column-is-layout-flow\">\n<h3 class=\"wp-block-heading\"><a href=\"https:\/\/dclaconsulting.com\/es\/accounting\/\" title=\"Contabilidad\"><img decoding=\"async\" loading=\"lazy\" width=\"500\" height=\"500\" class=\"wp-image-783\" style=\"width: 50px;\" src=\"http:\/\/dclaconsulting.com\/wp-content\/uploads\/2023\/12\/iconos-500X500px_accounting.png\" alt=\"\" srcset=\"https:\/\/dclaconsulting.com\/wp-content\/uploads\/2023\/12\/iconos-500X500px_accounting.png 500w, https:\/\/dclaconsulting.com\/wp-content\/uploads\/2023\/12\/iconos-500X500px_accounting-300x300.png 300w, https:\/\/dclaconsulting.com\/wp-content\/uploads\/2023\/12\/iconos-500X500px_accounting-150x150.png 150w\" sizes=\"(max-width: 500px) 100vw, 500px\" \/>  Contabilidad<\/a><\/h3>\n<\/div>\n<\/div>\n\n\n\n<div class=\"wp-block-columns is-layout-flex wp-container-15 wp-block-columns-is-layout-flex\">\n<div class=\"wp-block-column has-ast-global-color-4-background-color has-background is-layout-flow wp-block-column-is-layout-flow\">\n<h3 class=\"wp-block-heading\"><a href=\"https:\/\/dclaconsulting.com\/es\/representation\/\" title=\"Representaci\u00f3n\"><img decoding=\"async\" loading=\"lazy\" width=\"500\" height=\"500\" class=\"wp-image-784\" style=\"width: 50px;\" src=\"http:\/\/dclaconsulting.com\/wp-content\/uploads\/2023\/12\/iconos-500X500px_rep-IRS.png\" alt=\"\" srcset=\"https:\/\/dclaconsulting.com\/wp-content\/uploads\/2023\/12\/iconos-500X500px_rep-IRS.png 500w, https:\/\/dclaconsulting.com\/wp-content\/uploads\/2023\/12\/iconos-500X500px_rep-IRS-300x300.png 300w, https:\/\/dclaconsulting.com\/wp-content\/uploads\/2023\/12\/iconos-500X500px_rep-IRS-150x150.png 150w\" sizes=\"(max-width: 500px) 100vw, 500px\" \/>  Representaci\u00f3n ante el IRS<\/a><\/h3>\n<\/div>\n<\/div>\n<\/div>\n<\/div>\n<\/div>","protected":false},"excerpt":{"rendered":"<p>About Us Our passion is to serve others. About 10 years ago we started assisting some family and friends with their income tax returns. As we grew, we realized how difficult it is sometimes to get answers to specific questions, sometimes you don&#8217;t know who to ask or maybe those who have the right answer; &hellip;<\/p>\n<p class=\"read-more\"> <a class=\"\" href=\"https:\/\/dclaconsulting.com\/es\/\"> <span class=\"screen-reader-text\">Inicio<\/span> Leer m\u00e1s &raquo;<\/a><\/p>","protected":false},"author":1,"featured_media":0,"parent":0,"menu_order":0,"comment_status":"closed","ping_status":"closed","template":"","meta":{"_uag_custom_page_level_css":"","site-sidebar-layout":"no-sidebar","site-content-layout":"plain-container","ast-site-content-layout":"normal-width-container","site-content-style":"unboxed","site-sidebar-style":"unboxed","ast-global-header-display":"","ast-banner-title-visibility":"","ast-main-header-display":"","ast-hfb-above-header-display":"","ast-hfb-below-header-display":"","ast-hfb-mobile-header-display":"","site-post-title":"disabled","ast-breadcrumbs-content":"disabled","ast-featured-img":"disabled","footer-sml-layout":"","theme-transparent-header-meta":"disabled","adv-header-id-meta":"","stick-header-meta":"","header-above-stick-meta":"","header-main-stick-meta":"","header-below-stick-meta":"","astra-migrate-meta-layouts":"set","ast-page-background-enabled":"default","ast-page-background-meta":{"desktop":{"background-color":"var(--ast-global-color-4)","background-image":"","background-repeat":"repeat","background-position":"center center","background-size":"auto","background-attachment":"scroll","background-type":"","background-media":"","overlay-type":"","overlay-color":"","overlay-gradient":""},"tablet":{"background-color":"","background-image":"","background-repeat":"repeat","background-position":"center center","background-size":"auto","background-attachment":"scroll","background-type":"","background-media":"","overlay-type":"","overlay-color":"","overlay-gradient":""},"mobile":{"background-color":"","background-image":"","background-repeat":"repeat","background-position":"center center","background-size":"auto","background-attachment":"scroll","background-type":"","background-media":"","overlay-type":"","overlay-color":"","overlay-gradient":""}},"ast-content-background-meta":{"desktop":{"background-color":"var(--ast-global-color-5)","background-image":"","background-repeat":"repeat","background-position":"center center","background-size":"auto","background-attachment":"scroll","background-type":"","background-media":"","overlay-type":"","overlay-color":"","overlay-gradient":""},"tablet":{"background-color":"var(--ast-global-color-5)","background-image":"","background-repeat":"repeat","background-position":"center center","background-size":"auto","background-attachment":"scroll","background-type":"","background-media":"","overlay-type":"","overlay-color":"","overlay-gradient":""},"mobile":{"background-color":"var(--ast-global-color-5)","background-image":"","background-repeat":"repeat","background-position":"center center","background-size":"auto","background-attachment":"scroll","background-type":"","background-media":"","overlay-type":"","overlay-color":"","overlay-gradient":""}},"footnotes":""},"aioseo_notices":[],"uagb_featured_image_src":{"full":false,"thumbnail":false,"medium":false,"medium_large":false,"large":false,"1536x1536":false,"2048x2048":false,"trp-custom-language-flag":false},"uagb_author_info":{"display_name":"user","author_link":"https:\/\/dclaconsulting.com\/es\/author\/user\/"},"uagb_comment_info":0,"uagb_excerpt":"About Us Our passion is to serve others. About 10 years ago we started assisting some family and friends with their income tax returns. As we grew, we realized how difficult it is sometimes to get answers to specific questions, sometimes you don&#8217;t know who to ask or maybe those who have the right answer;&hellip;","_links":{"self":[{"href":"https:\/\/dclaconsulting.com\/es\/wp-json\/wp\/v2\/pages\/546"}],"collection":[{"href":"https:\/\/dclaconsulting.com\/es\/wp-json\/wp\/v2\/pages"}],"about":[{"href":"https:\/\/dclaconsulting.com\/es\/wp-json\/wp\/v2\/types\/page"}],"author":[{"embeddable":true,"href":"https:\/\/dclaconsulting.com\/es\/wp-json\/wp\/v2\/users\/1"}],"replies":[{"embeddable":true,"href":"https:\/\/dclaconsulting.com\/es\/wp-json\/wp\/v2\/comments?post=546"}],"version-history":[{"count":73,"href":"https:\/\/dclaconsulting.com\/es\/wp-json\/wp\/v2\/pages\/546\/revisions"}],"predecessor-version":[{"id":839,"href":"https:\/\/dclaconsulting.com\/es\/wp-json\/wp\/v2\/pages\/546\/revisions\/839"}],"wp:attachment":[{"href":"https:\/\/dclaconsulting.com\/es\/wp-json\/wp\/v2\/media?parent=546"}],"curies":[{"name":"wp","href":"https:\/\/api.w.org\/{rel}","templated":true}]}}